{"id":1818,"date":"2018-04-19T18:46:44","date_gmt":"2018-04-19T16:46:44","guid":{"rendered":"http:\/\/meetgreen.de\/?page_id=1818"},"modified":"2020-06-25T09:44:42","modified_gmt":"2020-06-25T07:44:42","slug":"about-us","status":"publish","type":"page","link":"https:\/\/meetgreen.de\/en\/about-us\/","title":{"rendered":"About Us"},"content":{"rendered":"<section class=\"wpb-content-wrapper\"><p>[vc_row content_placement=&#8221;middle&#8221; css=&#8221;.vc_custom_1499780383685{padding-top: 100px !important;padding-bottom: 100px !important;background-image: url(\/wp-content\/uploads\/2017\/07\/Kostenlose-Telefonkonferenz-meetgreen-ueber-uns.jpg?id=1226) !important;background-position: center !important;background-repeat: no-repeat !important;background-size: cover !important;}&#8221; background_color=&#8221;#ffffff&#8221; color=&#8221;#ffffff&#8221; padding_top=&#8221;70px&#8221; padding_bottom=&#8221;150px&#8221; el_class=&#8221;overlay&#8221;][vc_column][meetyoo_container][vc_column_text]<\/p>\n<h1 id=\"u29185-2\" style=\"text-align: center;\"><span style=\"color: #ffffff;\">We are meetgreen<\/span><\/h1>\n<h2 id=\"u29185-4\" style=\"text-align: center;\"><span style=\"color: #ffffff;\">Your sustainable audio conference provider<\/span><\/h2>\n<p>[\/vc_column_text][\/meetyoo_container][\/vc_column][\/vc_row][vc_row equal_height=&#8221;yes&#8221; css=&#8221;.vc_custom_1496393641965{padding-top: 70px !important;padding-bottom: 50px !important;}&#8221;][vc_column][meetyoo_container][vc_column_text]<\/p>\n<h3 style=\"text-align: center;\">Who are we?<\/h3>\n<p style=\"text-align: center;\"><span style=\"color: #333333;\">meetgreen was founded in 2008 in Berlin with the goal of providing free audio conferences to charitable organizations and associations in Germany. Conscious of the limited financial resources of these institutions, meetgreen acts as a buffer and support on the market of cost-effective conferences via telephone.\u00a0<\/span><\/p>\n<p>[\/vc_column_text][\/meetyoo_container][\/vc_column][\/vc_row][vc_row css=&#8221;.vc_custom_1496236234928{padding-top: 70px !important;padding-bottom: 70px !important;background-image: url(\/wp-content\/uploads\/2017\/05\/bg-green-leaves2.jpg?id=223) !important;background-position: center !important;background-repeat: no-repeat !important;background-size: cover !important;}&#8221;][vc_column][meetyoo_container][vc_row_inner background_color=&#8221;inherit&#8221; color=&#8221;inherit&#8221; padding_top=&#8221;10px&#8221; padding_bottom=&#8221;10px&#8221;][vc_column_inner width=&#8221;1\/3&#8243; float=&#8221;center&#8221;][meetyoo_svg img=&#8221;226&#8243; css=&#8221;.vc_custom_1499349437294{margin-bottom: 40px !important;}&#8221;][vc_column_text]<\/p>\n<h3 id=\"u275673-2\" style=\"text-align: center;\"><span style=\"color: #ffffff;\">approx. 20,000<\/span><\/h3>\n<p id=\"u275673-4\" style=\"text-align: center;\"><span style=\"color: #ffffff;\">AUDIO CONFERENCES PER MONTH<\/span><\/p>\n<p>[\/vc_column_text][\/vc_column_inner][vc_column_inner width=&#8221;1\/3&#8243;][meetyoo_svg img=&#8221;227&#8243; css=&#8221;.vc_custom_1499349440757{margin-bottom: 40px !important;}&#8221;][vc_column_text]<\/p>\n<h3 id=\"u275709-2\" style=\"text-align: center;\"><span style=\"color: #ffffff;\">60,000+<\/span><\/h3>\n<p id=\"u275709-4\" style=\"text-align: center;\"><span style=\"color: #ffffff;\">REGISTERED USERS SINCE 2008<\/span><\/p>\n<p>[\/vc_column_text][\/vc_column_inner][vc_column_inner width=&#8221;1\/3&#8243;][meetyoo_svg img=&#8221;1111&#8243; css=&#8221;.vc_custom_1499349444270{margin-bottom: 40px !important;}&#8221;][vc_column_text]<\/p>\n<h3 id=\"u261709-2\" style=\"text-align: center;\"><span class=\"js-tree-count\" style=\"color: #ffffff;\">2,115<\/span><\/h3>\n<p id=\"u261709-4\" style=\"text-align: center;\"><span style=\"color: #ffffff;\">TREES PLANTED IN 2017<\/span><\/p>\n<p>[\/vc_column_text][\/vc_column_inner][\/vc_row_inner][\/meetyoo_container][\/vc_column][\/vc_row][vc_row css=&#8221;.vc_custom_1496244499980{padding-top: 100px !important;padding-bottom: 70px !important;}&#8221; background_color=&#8221;inherit&#8221; color=&#8221;inherit&#8221;][vc_column][meetyoo_container][vc_column_text]<\/p>\n<h3 id=\"u76097-2\" style=\"text-align: center;\">What is our goal?<\/h3>\n<p style=\"text-align: center;\">We aim to protect the environment and save travel expenses for our customers. The point of meetgreen is to reduce the amount of business trips and to make audio conferences more accessible instead. Not only does this save precious time and money, it also reduces CO<sub>2 <\/sub>pollution. Each domestic flight through Germany damages the environment with 340 kg of CO<sub>2<\/sub>. \u00a0Moreover, we aim to support German environmental projects. We donate 1 cent per minute per participant if the donation number\u00a0<a href=\"tel:+491805535353\">01805 \u2013 53 53 53\u00b9<\/a>\u00a0was used. Help us in our endeavor and support your environment. Every minute counts!<\/p>\n<p>In 2017 we partnered with PRIMAKLIMA and were able to plant 2,115 new trees in Germany thanks to donations. In numbers, this means that with each audio conference you are compensating for roughly 0,20 kg CO<sub>2<\/sub>.* This year we are partnering with\u00a0STADTBAUMKAMPAGNE BERLIN and are going to plant urban trees to make our capital greener.<\/p>\n<p>*a beech binds approximately 12,5 kg of CO<sub>2<\/sub><span style=\"font-size: small;\">\u00a0<\/span>over the duration of a year.[\/vc_column_text][meetyoo_button link=&#8221;url:http%3A%2F%2Fmeetgreen.de%2Fspendenprojekt%2F|title:Our%20Charitable%20EcoProject||&#8221;][\/meetyoo_container][\/vc_column][\/vc_row][vc_row equal_height=&#8221;yes&#8221; css=&#8221;.vc_custom_1499172467122{background-color: #f0f0ef !important;}&#8221; background_color=&#8221;inherit&#8221; color=&#8221;inherit&#8221;][vc_column width=&#8221;6\/12&#8243; css=&#8221;.vc_custom_1496236886995{background-image: url(\/wp-content\/uploads\/2017\/06\/karte-grey-1920&#215;1200.jpeg?id=) !important;background-position: center !important;background-repeat: no-repeat !important;background-size: cover !important;}&#8221;][vc_row_inner css=&#8221;.vc_custom_1496237171482{padding-top: 50px !important;padding-right: 50px !important;padding-bottom: 50px !important;padding-left: 50px !important;}&#8221;][vc_column_inner][vc_column_text]<\/p>\n<h3 style=\"text-align: center;\"><span style=\"color: #ffffff;\">CONFERENCING<\/span><\/h3>\n<h3 style=\"text-align: center;\"><span style=\"color: #ffffff;\">MADE IN GERMANY<\/span><\/h3>\n<p>[\/vc_column_text][vc_single_image image=&#8221;257&#8243; img_size=&#8221;full&#8221; alignment=&#8221;center&#8221;][\/vc_column_inner][\/vc_row_inner][\/vc_column][vc_column width=&#8221;6\/12&#8243;][meetyoo_container css=&#8221;.vc_custom_1496237572705{padding-top: 50px !important;padding-bottom: 120px !important;}&#8221;][vc_column_text]<\/p>\n<h3 id=\"u262325-2\" style=\"text-align: center;\">Who supports us?<\/h3>\n<p id=\"u262325-5\" style=\"text-align: center;\">We are a service of the German meetyoo conferencing GmbH. Established in 2008, we exist as a sub-brand of this Berlin-based conference provider. meetyoo conferencing is a professional provider of audio conferences, web conferences, and virtual events &#8211; and it is the only German provider to receive T\u00dcV-certifications for quality management for over 10 years consecutively. Conferences &#8211; Made in Germany. This is what meetyoo stands for since 1999.<\/p>\n<p>[\/vc_column_text][vc_single_image image=&#8221;2461&#8243; img_size=&#8221;full&#8221; alignment=&#8221;center&#8221;][meetyoo_button link=&#8221;url:https%3A%2F%2Fmeetyoo.de|title:More%20about%20meetyoo||&#8221;][\/meetyoo_container][\/vc_column][\/vc_row][vc_row css=&#8221;.vc_custom_1496238052701{padding-top: 70px !important;padding-bottom: 50px !important;}&#8221;][vc_column][vc_column_text]<\/p>\n<h3 style=\"text-align: center;\">What makes our service special?<\/h3>\n<p>[\/vc_column_text][meetyoo_container][vc_row_inner][vc_column_inner el_class=&#8221;block-fixed-height&#8221; width=&#8221;1\/2&#8243;][meetyoo_block_item_text icon=&#8221;269&#8243; title=&#8221;Quality&#8221; text=&#8221;<\/p>\n<div>Mit den Telefonkonferenzen von meetgreen, bereitgestellt durch meetyoo, profitieren Sie von einem Konferenzservice auf h\u00f6chstem Niveau. Als einziger deutscher Konferenzanbieter ist meetyoo seit \u00fcber 10 Jahren in Folge f\u00fcr Qualit\u00e4tsmanagement T\u00dcV-zertifiziert.<\/div>\n<p>&#8220;][vc_column_text]With audio conferences by meetgreen (provided by meetyoo), our users profit from high-quality conference services. Since its inception, meetgreen has passed all of the T\u00dcV-requirements &#8211; this is proof of our commitment to a successful implementation of our own high standards of quality.[\/vc_column_text][\/meetyoo_block_item_text][meetyoo_block_item_text icon=&#8221;270&#8243; title=&#8221;Security&#8221; text=&#8221;<\/p>\n<div>Datensicherheit ist elementar, wenn sensible Informationen ausgetauscht werden, die nicht f\u00fcr fremde Ohren bestimmt sind. Deshalb erhalten Sie bei meetgreen die Sicherheitsgarantie basierend auf der, seit \u00fcber 10 Jahren, T\u00dcV-zertifizierten Informationssicherheit von meetyoo.<\/div>\n<p>&#8220;][vc_column_text]Data security is fundamental for the professional exchange of sensitive and confidential information. We are T\u00dcV-certified and can guarantee a high level of security for the data exchange of our users.[\/vc_column_text][\/meetyoo_block_item_text][meetyoo_block_item_text icon=&#8221;266&#8243; title=&#8221;100% flexibility&#8221; text=&#8221;<\/p>\n<div>Halten Sie Ihre Telefonkonferenzen mit meetgreen ab, so lange und so oft Sie m\u00f6chten. Sie starten Ihre Konferenz selbstst\u00e4ndig per Telefon oder Smartphone &#8211; standortunabh\u00e4ngig und zu jeder beliebigen Zeit.<\/div>\n<p>&#8220;][vc_column_text]Use meetgreen for your audio conferences as long and often as you like. You can start your conferences autonomously via telephone or mobile phone &#8211; regardless of your location or time zone.[\/vc_column_text][\/meetyoo_block_item_text][\/vc_column_inner][vc_column_inner el_class=&#8221;block-fixed-height&#8221; width=&#8221;1\/2&#8243;][meetyoo_block_item_text icon=&#8221;271&#8243; title=&#8221;Start Now&#8221; text=&#8221;<\/p>\n<div>Sie erhalten nach der kostenlosen Anmeldung bei meetgreen umgehend Ihre Zugangsdaten und schon kann Ihre Telefonkonferenz beginnen. F\u00fcr die schnelle Einladung Ihrer Teilnehmer stellt meetgreen Ihnen ein Einladungstool.<\/div>\n<p>&#8220;][vc_column_text]After registering free of charge, you receive your login details and can immediately start your first audio conference. Our invitation tool provides a simple and quick way to invite participants.[\/vc_column_text][\/meetyoo_block_item_text][meetyoo_block_item_text icon=&#8221;267&#8243; title=&#8221;German Technology&#8221; text=&#8221;<\/p>\n<div>S\u00e4mtliche Servertechnologie von unserem Unterst\u00fctzer meetyoo conferencing befindet sich in Deutschland.<\/div>\n<p>&#8220;][vc_column_text]All of our server technology is provided by meetyoo conferencing and located within Germany.[\/vc_column_text][\/meetyoo_block_item_text][\/vc_column_inner][\/vc_row_inner][\/meetyoo_container][\/vc_column][\/vc_row]<\/p>\n<\/section>","protected":false},"excerpt":{"rendered":"[vc_row content_placement=&#8221;middle&#8221; css=&#8221;.vc_custom_1499780383685{padding-top: 100px !important;padding-bottom: 100px !important;background-image: url(\/wp-content\/uploads\/2017\/07\/Kostenlose-Telefonkonferenz-meetgreen-ueber-uns.jpg?id=1226) !important;background-position: center !important;background-repeat: no-repeat !important;background-size: cover !important;}&#8221; background_color=&#8221;#ffffff&#8221; color=&#8221;#ffffff&#8221; padding_top=&#8221;70px&#8221; padding_bottom=&#8221;150px&#8221; el_class=&#8221;overlay&#8221;][vc_column][meetyoo_container][vc_column_text] We are meetgreen Your sustainable audio conference provider [\/vc_column_text][\/meetyoo_container][\/vc_column][\/vc_row][vc_row equal_height=&#8221;yes&#8221; css=&#8221;.vc_custom_1496393641965{padding-top: 70px !important;padding-bottom: 50px !important;}&#8221;][vc_column][meetyoo_container][vc_column_text] Who are we? meetgreen was founded in 2008 in Berlin with the goal of providing free audio conferences to charitable [&hellip;]","protected":false},"author":3,"featured_media":0,"parent":0,"menu_order":0,"comment_status":"closed","ping_status":"closed","template":"","meta":{"inline_featured_image":false,"footnotes":""},"class_list":["post-1818","page","type-page","status-publish","hentry"],"yoast_head":"<!-- This site is optimized with the Yoast SEO plugin v27.5 - https:\/\/yoast.com\/product\/yoast-seo-wordpress\/ -->\n<title>About Us - meetgreen<\/title>\n<meta name=\"description\" content=\"About meetgreen, the ecoconscious provider of audio and web conferences. Learn more about our environmental commitment.\" \/>\n<meta name=\"robots\" content=\"index, follow, max-snippet:-1, max-image-preview:large, max-video-preview:-1\" \/>\n<link rel=\"canonical\" href=\"https:\/\/meetgreen.de\/en\/about-us\/\" \/>\n<meta property=\"og:locale\" content=\"en_US\" \/>\n<meta property=\"og:type\" content=\"article\" \/>\n<meta property=\"og:title\" content=\"About Us - meetgreen\" \/>\n<meta property=\"og:description\" content=\"About meetgreen, the ecoconscious provider of audio and web conferences. Learn more about our environmental commitment.\" \/>\n<meta property=\"og:url\" content=\"https:\/\/meetgreen.de\/en\/about-us\/\" \/>\n<meta property=\"og:site_name\" content=\"meetgreen\" \/>\n<meta property=\"article:modified_time\" content=\"2020-06-25T07:44:42+00:00\" \/>\n<meta name=\"twitter:card\" content=\"summary_large_image\" \/>\n<meta name=\"twitter:label1\" content=\"Est. reading time\" \/>\n\t<meta name=\"twitter:data1\" content=\"6 minutes\" \/>\n<script type=\"application\/ld+json\" class=\"yoast-schema-graph\">{\"@context\":\"https:\\\/\\\/schema.org\",\"@graph\":[{\"@type\":\"WebPage\",\"@id\":\"https:\\\/\\\/meetgreen.de\\\/en\\\/about-us\\\/\",\"url\":\"https:\\\/\\\/meetgreen.de\\\/en\\\/about-us\\\/\",\"name\":\"About Us - meetgreen\",\"isPartOf\":{\"@id\":\"https:\\\/\\\/meetgreen.de\\\/en\\\/#website\"},\"datePublished\":\"2018-04-19T16:46:44+00:00\",\"dateModified\":\"2020-06-25T07:44:42+00:00\",\"description\":\"About meetgreen, the ecoconscious provider of audio and web conferences. Learn more about our environmental commitment.\",\"breadcrumb\":{\"@id\":\"https:\\\/\\\/meetgreen.de\\\/en\\\/about-us\\\/#breadcrumb\"},\"inLanguage\":\"en-US\",\"potentialAction\":[{\"@type\":\"ReadAction\",\"target\":[\"https:\\\/\\\/meetgreen.de\\\/en\\\/about-us\\\/\"]}]},{\"@type\":\"BreadcrumbList\",\"@id\":\"https:\\\/\\\/meetgreen.de\\\/en\\\/about-us\\\/#breadcrumb\",\"itemListElement\":[{\"@type\":\"ListItem\",\"position\":1,\"name\":\"Startseite\",\"item\":\"https:\\\/\\\/meetgreen.de\\\/en\\\/\"},{\"@type\":\"ListItem\",\"position\":2,\"name\":\"About Us\"}]},{\"@type\":\"WebSite\",\"@id\":\"https:\\\/\\\/meetgreen.de\\\/en\\\/#website\",\"url\":\"https:\\\/\\\/meetgreen.de\\\/en\\\/\",\"name\":\"meetgreen\",\"description\":\"\",\"publisher\":{\"@id\":\"https:\\\/\\\/meetgreen.de\\\/en\\\/#organization\"},\"potentialAction\":[{\"@type\":\"SearchAction\",\"target\":{\"@type\":\"EntryPoint\",\"urlTemplate\":\"https:\\\/\\\/meetgreen.de\\\/en\\\/?s={search_term_string}\"},\"query-input\":{\"@type\":\"PropertyValueSpecification\",\"valueRequired\":true,\"valueName\":\"search_term_string\"}}],\"inLanguage\":\"en-US\"},{\"@type\":\"Organization\",\"@id\":\"https:\\\/\\\/meetgreen.de\\\/en\\\/#organization\",\"name\":\"meetgreen\",\"url\":\"https:\\\/\\\/meetgreen.de\\\/en\\\/\",\"logo\":{\"@type\":\"ImageObject\",\"inLanguage\":\"en-US\",\"@id\":\"https:\\\/\\\/meetgreen.de\\\/en\\\/#\\\/schema\\\/logo\\\/image\\\/\",\"url\":\"https:\\\/\\\/meetgreen.de\\\/wp-content\\\/uploads\\\/2020\\\/06\\\/logo-meetgreen.png\",\"contentUrl\":\"https:\\\/\\\/meetgreen.de\\\/wp-content\\\/uploads\\\/2020\\\/06\\\/logo-meetgreen.png\",\"width\":250,\"height\":125,\"caption\":\"meetgreen\"},\"image\":{\"@id\":\"https:\\\/\\\/meetgreen.de\\\/en\\\/#\\\/schema\\\/logo\\\/image\\\/\"}}]}<\/script>\n<!-- \/ Yoast SEO plugin. -->","yoast_head_json":{"title":"About Us - meetgreen","description":"About meetgreen, the ecoconscious provider of audio and web conferences. Learn more about our environmental commitment.","robots":{"index":"index","follow":"follow","max-snippet":"max-snippet:-1","max-image-preview":"max-image-preview:large","max-video-preview":"max-video-preview:-1"},"canonical":"https:\/\/meetgreen.de\/en\/about-us\/","og_locale":"en_US","og_type":"article","og_title":"About Us - meetgreen","og_description":"About meetgreen, the ecoconscious provider of audio and web conferences. Learn more about our environmental commitment.","og_url":"https:\/\/meetgreen.de\/en\/about-us\/","og_site_name":"meetgreen","article_modified_time":"2020-06-25T07:44:42+00:00","twitter_card":"summary_large_image","twitter_misc":{"Est. reading time":"6 minutes"},"schema":{"@context":"https:\/\/schema.org","@graph":[{"@type":"WebPage","@id":"https:\/\/meetgreen.de\/en\/about-us\/","url":"https:\/\/meetgreen.de\/en\/about-us\/","name":"About Us - meetgreen","isPartOf":{"@id":"https:\/\/meetgreen.de\/en\/#website"},"datePublished":"2018-04-19T16:46:44+00:00","dateModified":"2020-06-25T07:44:42+00:00","description":"About meetgreen, the ecoconscious provider of audio and web conferences. Learn more about our environmental commitment.","breadcrumb":{"@id":"https:\/\/meetgreen.de\/en\/about-us\/#breadcrumb"},"inLanguage":"en-US","potentialAction":[{"@type":"ReadAction","target":["https:\/\/meetgreen.de\/en\/about-us\/"]}]},{"@type":"BreadcrumbList","@id":"https:\/\/meetgreen.de\/en\/about-us\/#breadcrumb","itemListElement":[{"@type":"ListItem","position":1,"name":"Startseite","item":"https:\/\/meetgreen.de\/en\/"},{"@type":"ListItem","position":2,"name":"About Us"}]},{"@type":"WebSite","@id":"https:\/\/meetgreen.de\/en\/#website","url":"https:\/\/meetgreen.de\/en\/","name":"meetgreen","description":"","publisher":{"@id":"https:\/\/meetgreen.de\/en\/#organization"},"potentialAction":[{"@type":"SearchAction","target":{"@type":"EntryPoint","urlTemplate":"https:\/\/meetgreen.de\/en\/?s={search_term_string}"},"query-input":{"@type":"PropertyValueSpecification","valueRequired":true,"valueName":"search_term_string"}}],"inLanguage":"en-US"},{"@type":"Organization","@id":"https:\/\/meetgreen.de\/en\/#organization","name":"meetgreen","url":"https:\/\/meetgreen.de\/en\/","logo":{"@type":"ImageObject","inLanguage":"en-US","@id":"https:\/\/meetgreen.de\/en\/#\/schema\/logo\/image\/","url":"https:\/\/meetgreen.de\/wp-content\/uploads\/2020\/06\/logo-meetgreen.png","contentUrl":"https:\/\/meetgreen.de\/wp-content\/uploads\/2020\/06\/logo-meetgreen.png","width":250,"height":125,"caption":"meetgreen"},"image":{"@id":"https:\/\/meetgreen.de\/en\/#\/schema\/logo\/image\/"}}]}},"_links":{"self":[{"href":"https:\/\/meetgreen.de\/en\/wp-json\/wp\/v2\/pages\/1818","targetHints":{"allow":["GET"]}}],"collection":[{"href":"https:\/\/meetgreen.de\/en\/wp-json\/wp\/v2\/pages"}],"about":[{"href":"https:\/\/meetgreen.de\/en\/wp-json\/wp\/v2\/types\/page"}],"author":[{"embeddable":true,"href":"https:\/\/meetgreen.de\/en\/wp-json\/wp\/v2\/users\/3"}],"replies":[{"embeddable":true,"href":"https:\/\/meetgreen.de\/en\/wp-json\/wp\/v2\/comments?post=1818"}],"version-history":[{"count":27,"href":"https:\/\/meetgreen.de\/en\/wp-json\/wp\/v2\/pages\/1818\/revisions"}],"predecessor-version":[{"id":3149,"href":"https:\/\/meetgreen.de\/en\/wp-json\/wp\/v2\/pages\/1818\/revisions\/3149"}],"wp:attachment":[{"href":"https:\/\/meetgreen.de\/en\/wp-json\/wp\/v2\/media?parent=1818"}],"curies":[{"name":"wp","href":"https:\/\/api.w.org\/{rel}","templated":true}]}}