{"id":2742,"date":"2020-03-24T20:01:46","date_gmt":"2020-03-24T19:01:46","guid":{"rendered":"http:\/\/meetgreen.de\/plus-3\/"},"modified":"2025-01-22T22:33:05","modified_gmt":"2025-01-22T21:33:05","slug":"plus-3","status":"publish","type":"page","link":"https:\/\/meetgreen.de\/en\/","title":{"rendered":"Plus"},"content":{"rendered":"<section class=\"wpb-content-wrapper\"><p>[vc_row content_placement=&#8221;middle&#8221; parallax=&#8221;content-moving&#8221; css=&#8221;.vc_custom_1499768153599{padding-top: 100px !important;padding-bottom: 100px !important;background-image: url(\/wp-content\/uploads\/2017\/07\/Telefonkonferenz-meetgreen-Plus.jpeg?id=1208) !important;background-position: 0 0;background-repeat: no-repeat !important;}&#8221; background_color=&#8221;#ffffff&#8221; color=&#8221;#ffffff&#8221; padding_top=&#8221;70px&#8221; padding_bottom=&#8221;150px&#8221; el_class=&#8221;overlay-hero&#8221;][vc_column][meetyoo_container][vc_column_text]<\/p>\n<h1 id=\"u29185-2\" style=\"text-align: center;\"><span style=\"color: #ffffff;\">meetgreenPlus<\/span><\/h1>\n<h2 id=\"u29185-4\" style=\"text-align: center;\"><span style=\"color: #ffffff;\">The plus for your audio conferences<\/span><\/h2>\n<p>[\/vc_column_text][vc_row_inner][vc_column_inner width=&#8221;2\/3&#8243;][vc_column_text]<\/p>\n<ul class=\"plus-list\">\n<li class=\"plus-list-item\">Audio conferences with up to 35 participants<\/li>\n<li class=\"plus-list-item\">International dial-in numbers<\/li>\n<li class=\"plus-list-item\">Including web conferencing<\/li>\n<\/ul>\n<p>[\/vc_column_text][\/vc_column_inner][vc_column_inner width=&#8221;1\/3&#8243;][vc_column_text css=&#8221;.vc_custom_1592480162371{margin-bottom: 0px !important;}&#8221;]<\/p>\n<h1 style=\"font-weight: bold; color: #ffffff;\">24.90 \u20ac<\/h1>\n<p style=\"margin-top: 0px; color: #ffffff; white-space: nowrap;\">per month\/conference room, plus VAT<\/p>\n<p>[\/vc_column_text][meetyoo_button type=&#8221;button_orange&#8221; link=&#8221;url:https%3A%2F%2Fbestellung.meetgreen.de%2Fmeetgreen.xhtml%3FtariffNo%3DMG-PLUS-1M|title:order%20now|target:%20_blank|&#8221;][\/vc_column_inner][\/vc_row_inner][\/meetyoo_container][\/vc_column][\/vc_row][vc_row css=&#8221;.vc_custom_1499082985446{padding-bottom: 80px !important;background-color: #f0f0ef !important;}&#8221;][vc_column][vc_column_text]<\/p>\n<h3 style=\"margin-top: 65px; text-align: center;\">Our Audio Conferencing Service<\/h3>\n<p>[\/vc_column_text][\/vc_column][\/vc_row][vc_row][vc_column width=&#8221;1\/3&#8243;][\/vc_column][vc_column width=&#8221;1\/3&#8243;][meetyoo_container is_flex=&#8221;true&#8221; is_reverse=&#8221;true&#8221;][meetyoo_pricing_box title=&#8221;meetgreenPlus&#8221; price=&#8221;24.90 \u20ac&#8221; subtitle=&#8221;per month\/conference room, plus VAT&#8221;][meetyoo_pricing_box_item][vc_column_text]audio conferences with up to 35 participants[\/vc_column_text][\/meetyoo_pricing_box_item][meetyoo_pricing_box_item][vc_column_text]international dial-in numbers[\/vc_column_text][\/meetyoo_pricing_box_item][meetyoo_pricing_box_item][vc_column_text]including web conferencing with screen sharing and chat[\/vc_column_text][\/meetyoo_pricing_box_item][meetyoo_pricing_box_item][vc_column_text]moderator role[\/vc_column_text][\/meetyoo_pricing_box_item][meetyoo_pricing_box_item][vc_column_text]recording function[\/vc_column_text][\/meetyoo_pricing_box_item][meetyoo_pricing_box_item][vc_column_text]invitation tool[\/vc_column_text][\/meetyoo_pricing_box_item][meetyoo_pricing_box_item][vc_column_text]customer portal, including conference planning, room administration, and address book[\/vc_column_text][\/meetyoo_pricing_box_item][meetyoo_pricing_box_item][vc_column_text]customer service via mail or phone[\/vc_column_text][\/meetyoo_pricing_box_item][meetyoo_pricing_box_item][vc_column_text]monthly cancellation possible[\/vc_column_text][\/meetyoo_pricing_box_item][meetyoo_pricing_box_item icon=&#8221;tree&#8221;][vc_column_text]<strong>You automatically donate 1\u20ac per month\/ conference room to our EcoProject.<\/strong><strong><br \/>\n<\/strong>[\/vc_column_text][\/meetyoo_pricing_box_item][meetyoo_pricing_box_item icon=&#8221;&#8221;][vc_empty_space height=&#8221;50px&#8221;][\/meetyoo_pricing_box_item][meetyoo_pricing_box_item icon=&#8221;&#8221;][meetyoo_button type=&#8221;button_orange&#8221; link=&#8221;url:https%3A%2F%2Fbestellung.meetgreen.de%2Fmeetgreen.xhtml%3FtariffNo%3DMG-PLUS-1M|title:Order%20Now|target:%20_blank|&#8221;][\/meetyoo_pricing_box_item][\/meetyoo_pricing_box][\/meetyoo_container][\/vc_column][vc_column width=&#8221;1\/3&#8243;][\/vc_column][\/vc_row][vc_row el_id=&#8221;funktionen&#8221;][vc_column][vc_column_text]<br \/>\n[\/vc_column_text][\/vc_column][\/vc_row][vc_row css=&#8221;.vc_custom_1519731146218{padding-top: 70px !important;padding-bottom: 50px !important;}&#8221;][vc_column][vc_column_text]<\/p>\n<h3 style=\"text-align: center;\">Your services with meetgreenPlus<\/h3>\n<p>[\/vc_column_text][meetyoo_container][vc_row_inner][vc_column_inner width=&#8221;1\/2&#8243;][meetyoo_block_item_text icon=&#8221;654&#8243; title=&#8221;International Access Numbers&#8221; text=&#8221;<\/p>\n<div>Sie erhalten lokale Festnetznummern f\u00fcr 30 L\u00e4nder, sodass Sie und Ihre Teilnehmer sich weltweit in die Telefonkonferenz kostenlos einw\u00e4hlen k\u00f6nnen.<\/div>\n<p>&#8220;][vc_column_text]You receive local landline numbers for <a href=\"\/hilfe\/#einwahlnummern\">15 countries<\/a>, enabling you and your participants to dial into your audio conference.[\/vc_column_text][\/meetyoo_block_item_text][meetyoo_block_item_text icon=&#8221;656&#8243; title=&#8221;Conference Room with Moderator Role&#8221; style=&#8221;color: #0d864c; text-decoration: underline;&#8221;][vc_column_text]The moderator PIN activates <a href=\"\/hilfe\">additional functions<\/a> and keyboard shortcuts. Moderators gain access to the customer portal and conference management.[\/vc_column_text][\/meetyoo_block_item_text][meetyoo_block_item_text icon=&#8221;1267&#8243; title=&#8221;Personal Customer Service&#8221; text=&#8221;<\/p>\n<div>Ihr Konferenzraum steht Ihnen jederzeit und rund um die Uhr zur Verf\u00fcgung. Halten Sie beliebig viele Telefonkonferenzen ab \u2013 so lange und so oft Sie m\u00f6chten!<\/div>\n<p>&#8220;][vc_column_text]Our customer service can provide information and advice in several languages via email or by phone, Monday \u2013 Friday between 8 am and 10 pm.<\/p>\n<p>[\/vc_column_text][\/meetyoo_block_item_text][\/vc_column_inner][vc_column_inner width=&#8221;1\/2&#8243;][meetyoo_block_item_text icon=&#8221;655&#8243; title=&#8221;Personal Customer Portal&#8221; text=&#8221;<\/p>\n<div>Verwalten Sie im meetgreenPlus-Portal Ihren Konferenzraum, nutzen Sie das Adressbuch, planen und versenden Sie Einladungen zur Telefonkonferenz und steuern Sie die Telefonkonferenz bequem in einer Live-Ansicht.<\/div>\n<p>&#8220;][vc_column_text]Use the meetgreenPlus customer portal to administrate your conference room. Send invitations using the integrated address book, and use the online view to manage participants and your audio conference recording.[\/vc_column_text][\/meetyoo_block_item_text][meetyoo_block_item_text icon=&#8221;1592&#8243; title=&#8221;Web Conference&#8221; text=&#8221;<\/p>\n<div>Starten Sie die Aufzeichnung Ihrer Telefonkonferenz aus dem Kundenportal heraus. Die aufgezeichneten Konferenzen werden gelistet und k\u00f6nnen jederzeit eingesehen, per E-Mail weitergeleitet oder heruntergeladen werden.<\/div>\n<p>&#8220;][vc_column_text]You can take part in an audio conference and share content online simultaneously. Using the conference tool, you can invite other participants and assign them the presenter-role.[\/vc_column_text][\/meetyoo_block_item_text][meetyoo_block_item_text icon=&#8221;657&#8243; title=&#8221;Dial, Donate, Aid the Environment.&#8221; style=&#8221;color: #0d864c; text-decoration: underline;&#8221;][vc_column_text]If you choose meetgreen, you choose to support the environment. Not only do our meetgreenPlus subscribers automatically donate 1\u20ac a month towards our environmental projects &#8211; each conference compensates for 0.20kg of CO<sub>2<\/sub>* emissions.<\/p>\n<p>&nbsp;<\/p>\n<p>* based on 2,115 planted trees. A beech binds approximately 12.5kg CO<sub>2<\/sub>.[\/vc_column_text][\/meetyoo_block_item_text][\/vc_column_inner][\/vc_row_inner][\/meetyoo_container][\/vc_column][\/vc_row][vc_row][vc_column][vc_column_text]<br \/>\n[\/vc_column_text][\/vc_column][\/vc_row][vc_row equal_height=&#8221;yes&#8221; content_placement=&#8221;middle&#8221; css=&#8221;.vc_custom_1497252813412{padding-top: 70px !important;padding-bottom: 70px !important;background-color: #f0f0ef !important;}&#8221; background_color=&#8221;inherit&#8221; color=&#8221;inherit&#8221;][vc_column][meetyoo_container][vc_column_text]<\/p>\n<h3 style=\"text-align: center;\">Did we leave anything unanswered?<\/h3>\n<p style=\"text-align: center;\">Should you require additional information regarding meetgreen audio conferences, do not hesitate to contact us. We are looking forward to your inquiry.<\/p>\n<p>[\/vc_column_text][meetyoo_button is_lightbox=&#8221;true&#8221; link=&#8221;url:%23kontakt|title:Contact%20Us||&#8221; lightbox_component=&#8221;Contact&#8221;][\/meetyoo_container][\/vc_column][\/vc_row]<\/p>\n<\/section>","protected":false},"excerpt":{"rendered":"[vc_row content_placement=&#8221;middle&#8221; parallax=&#8221;content-moving&#8221; css=&#8221;.vc_custom_1499768153599{padding-top: 100px !important;padding-bottom: 100px !important;background-image: url(\/wp-content\/uploads\/2017\/07\/Telefonkonferenz-meetgreen-Plus.jpeg?id=1208) !important;background-position: 0 0;background-repeat: no-repeat !important;}&#8221; background_color=&#8221;#ffffff&#8221; color=&#8221;#ffffff&#8221; padding_top=&#8221;70px&#8221; padding_bottom=&#8221;150px&#8221; el_class=&#8221;overlay-hero&#8221;][vc_column][meetyoo_container][vc_column_text] meetgreenPlus The plus for your audio conferences [\/vc_column_text][vc_row_inner][vc_column_inner width=&#8221;2\/3&#8243;][vc_column_text] Audio conferences with up to 35 participants International dial-in numbers Including web conferencing [\/vc_column_text][\/vc_column_inner][vc_column_inner width=&#8221;1\/3&#8243;][vc_column_text css=&#8221;.vc_custom_1592480162371{margin-bottom: 0px !important;}&#8221;] 24.90 \u20ac per month\/conference room, plus VAT [\/vc_column_text][meetyoo_button type=&#8221;button_orange&#8221; [&hellip;]","protected":false},"author":3,"featured_media":0,"parent":0,"menu_order":0,"comment_status":"closed","ping_status":"closed","template":"","meta":{"inline_featured_image":false,"footnotes":""},"class_list":["post-2742","page","type-page","status-publish","hentry"],"yoast_head":"<!-- This site is optimized with the Yoast SEO plugin v27.5 - https:\/\/yoast.com\/product\/yoast-seo-wordpress\/ -->\n<title>meetgreen Plus: teleconference with up to 35 participants for 14,90\u20ac\/month<\/title>\n<meta name=\"description\" content=\"\u2714 international dial-in number included \u2714 recording function \u2714 cancellable on a monthly basis \u2714 ONLY 14,90\u20ac \u2714 unlimited use 24\/7\" \/>\n<meta name=\"robots\" content=\"index, follow, max-snippet:-1, max-image-preview:large, max-video-preview:-1\" \/>\n<link rel=\"canonical\" href=\"https:\/\/meetgreen.de\/en\/\" \/>\n<meta property=\"og:locale\" content=\"en_US\" \/>\n<meta property=\"og:type\" content=\"article\" \/>\n<meta property=\"og:title\" content=\"meetgreen Plus: teleconference with up to 35 participants for 14,90\u20ac\/month\" \/>\n<meta property=\"og:description\" content=\"\u2714 international dial-in number included \u2714 recording function \u2714 cancellable on a monthly basis \u2714 ONLY 14,90\u20ac \u2714 unlimited use 24\/7\" \/>\n<meta property=\"og:url\" content=\"https:\/\/meetgreen.de\/en\/\" \/>\n<meta property=\"og:site_name\" content=\"meetgreen\" \/>\n<meta property=\"article:modified_time\" content=\"2025-01-22T21:33:05+00:00\" \/>\n<meta name=\"twitter:card\" content=\"summary_large_image\" \/>\n<meta name=\"twitter:label1\" content=\"Est. reading time\" \/>\n\t<meta name=\"twitter:data1\" content=\"4 minutes\" \/>\n<script type=\"application\/ld+json\" class=\"yoast-schema-graph\">{\"@context\":\"https:\\\/\\\/schema.org\",\"@graph\":[{\"@type\":\"WebPage\",\"@id\":\"https:\\\/\\\/meetgreen.de\\\/en\\\/\",\"url\":\"https:\\\/\\\/meetgreen.de\\\/en\\\/\",\"name\":\"meetgreen Plus: teleconference with up to 35 participants for 14,90\u20ac\\\/month\",\"isPartOf\":{\"@id\":\"https:\\\/\\\/meetgreen.de\\\/en\\\/#website\"},\"datePublished\":\"2020-03-24T19:01:46+00:00\",\"dateModified\":\"2025-01-22T21:33:05+00:00\",\"description\":\"\u2714 international dial-in number included \u2714 recording function \u2714 cancellable on a monthly basis \u2714 ONLY 14,90\u20ac \u2714 unlimited use 24\\\/7\",\"breadcrumb\":{\"@id\":\"https:\\\/\\\/meetgreen.de\\\/en\\\/#breadcrumb\"},\"inLanguage\":\"en-US\",\"potentialAction\":[{\"@type\":\"ReadAction\",\"target\":[\"https:\\\/\\\/meetgreen.de\\\/en\\\/\"]}]},{\"@type\":\"BreadcrumbList\",\"@id\":\"https:\\\/\\\/meetgreen.de\\\/en\\\/#breadcrumb\",\"itemListElement\":[{\"@type\":\"ListItem\",\"position\":1,\"name\":\"Startseite\",\"item\":\"https:\\\/\\\/meetgreen.de\\\/en\\\/\"},{\"@type\":\"ListItem\",\"position\":2,\"name\":\"Plus\"}]},{\"@type\":\"WebSite\",\"@id\":\"https:\\\/\\\/meetgreen.de\\\/en\\\/#website\",\"url\":\"https:\\\/\\\/meetgreen.de\\\/en\\\/\",\"name\":\"meetgreen\",\"description\":\"\",\"publisher\":{\"@id\":\"https:\\\/\\\/meetgreen.de\\\/en\\\/#organization\"},\"potentialAction\":[{\"@type\":\"SearchAction\",\"target\":{\"@type\":\"EntryPoint\",\"urlTemplate\":\"https:\\\/\\\/meetgreen.de\\\/en\\\/?s={search_term_string}\"},\"query-input\":{\"@type\":\"PropertyValueSpecification\",\"valueRequired\":true,\"valueName\":\"search_term_string\"}}],\"inLanguage\":\"en-US\"},{\"@type\":\"Organization\",\"@id\":\"https:\\\/\\\/meetgreen.de\\\/en\\\/#organization\",\"name\":\"meetgreen\",\"url\":\"https:\\\/\\\/meetgreen.de\\\/en\\\/\",\"logo\":{\"@type\":\"ImageObject\",\"inLanguage\":\"en-US\",\"@id\":\"https:\\\/\\\/meetgreen.de\\\/en\\\/#\\\/schema\\\/logo\\\/image\\\/\",\"url\":\"https:\\\/\\\/meetgreen.de\\\/wp-content\\\/uploads\\\/2020\\\/06\\\/logo-meetgreen.png\",\"contentUrl\":\"https:\\\/\\\/meetgreen.de\\\/wp-content\\\/uploads\\\/2020\\\/06\\\/logo-meetgreen.png\",\"width\":250,\"height\":125,\"caption\":\"meetgreen\"},\"image\":{\"@id\":\"https:\\\/\\\/meetgreen.de\\\/en\\\/#\\\/schema\\\/logo\\\/image\\\/\"}}]}<\/script>\n<!-- \/ Yoast SEO plugin. -->","yoast_head_json":{"title":"meetgreen Plus: teleconference with up to 35 participants for 14,90\u20ac\/month","description":"\u2714 international dial-in number included \u2714 recording function \u2714 cancellable on a monthly basis \u2714 ONLY 14,90\u20ac \u2714 unlimited use 24\/7","robots":{"index":"index","follow":"follow","max-snippet":"max-snippet:-1","max-image-preview":"max-image-preview:large","max-video-preview":"max-video-preview:-1"},"canonical":"https:\/\/meetgreen.de\/en\/","og_locale":"en_US","og_type":"article","og_title":"meetgreen Plus: teleconference with up to 35 participants for 14,90\u20ac\/month","og_description":"\u2714 international dial-in number included \u2714 recording function \u2714 cancellable on a monthly basis \u2714 ONLY 14,90\u20ac \u2714 unlimited use 24\/7","og_url":"https:\/\/meetgreen.de\/en\/","og_site_name":"meetgreen","article_modified_time":"2025-01-22T21:33:05+00:00","twitter_card":"summary_large_image","twitter_misc":{"Est. reading time":"4 minutes"},"schema":{"@context":"https:\/\/schema.org","@graph":[{"@type":"WebPage","@id":"https:\/\/meetgreen.de\/en\/","url":"https:\/\/meetgreen.de\/en\/","name":"meetgreen Plus: teleconference with up to 35 participants for 14,90\u20ac\/month","isPartOf":{"@id":"https:\/\/meetgreen.de\/en\/#website"},"datePublished":"2020-03-24T19:01:46+00:00","dateModified":"2025-01-22T21:33:05+00:00","description":"\u2714 international dial-in number included \u2714 recording function \u2714 cancellable on a monthly basis \u2714 ONLY 14,90\u20ac \u2714 unlimited use 24\/7","breadcrumb":{"@id":"https:\/\/meetgreen.de\/en\/#breadcrumb"},"inLanguage":"en-US","potentialAction":[{"@type":"ReadAction","target":["https:\/\/meetgreen.de\/en\/"]}]},{"@type":"BreadcrumbList","@id":"https:\/\/meetgreen.de\/en\/#breadcrumb","itemListElement":[{"@type":"ListItem","position":1,"name":"Startseite","item":"https:\/\/meetgreen.de\/en\/"},{"@type":"ListItem","position":2,"name":"Plus"}]},{"@type":"WebSite","@id":"https:\/\/meetgreen.de\/en\/#website","url":"https:\/\/meetgreen.de\/en\/","name":"meetgreen","description":"","publisher":{"@id":"https:\/\/meetgreen.de\/en\/#organization"},"potentialAction":[{"@type":"SearchAction","target":{"@type":"EntryPoint","urlTemplate":"https:\/\/meetgreen.de\/en\/?s={search_term_string}"},"query-input":{"@type":"PropertyValueSpecification","valueRequired":true,"valueName":"search_term_string"}}],"inLanguage":"en-US"},{"@type":"Organization","@id":"https:\/\/meetgreen.de\/en\/#organization","name":"meetgreen","url":"https:\/\/meetgreen.de\/en\/","logo":{"@type":"ImageObject","inLanguage":"en-US","@id":"https:\/\/meetgreen.de\/en\/#\/schema\/logo\/image\/","url":"https:\/\/meetgreen.de\/wp-content\/uploads\/2020\/06\/logo-meetgreen.png","contentUrl":"https:\/\/meetgreen.de\/wp-content\/uploads\/2020\/06\/logo-meetgreen.png","width":250,"height":125,"caption":"meetgreen"},"image":{"@id":"https:\/\/meetgreen.de\/en\/#\/schema\/logo\/image\/"}}]}},"_links":{"self":[{"href":"https:\/\/meetgreen.de\/en\/wp-json\/wp\/v2\/pages\/2742","targetHints":{"allow":["GET"]}}],"collection":[{"href":"https:\/\/meetgreen.de\/en\/wp-json\/wp\/v2\/pages"}],"about":[{"href":"https:\/\/meetgreen.de\/en\/wp-json\/wp\/v2\/types\/page"}],"author":[{"embeddable":true,"href":"https:\/\/meetgreen.de\/en\/wp-json\/wp\/v2\/users\/3"}],"replies":[{"embeddable":true,"href":"https:\/\/meetgreen.de\/en\/wp-json\/wp\/v2\/comments?post=2742"}],"version-history":[{"count":12,"href":"https:\/\/meetgreen.de\/en\/wp-json\/wp\/v2\/pages\/2742\/revisions"}],"predecessor-version":[{"id":3240,"href":"https:\/\/meetgreen.de\/en\/wp-json\/wp\/v2\/pages\/2742\/revisions\/3240"}],"wp:attachment":[{"href":"https:\/\/meetgreen.de\/en\/wp-json\/wp\/v2\/media?parent=2742"}],"curies":[{"name":"wp","href":"https:\/\/api.w.org\/{rel}","templated":true}]}}